{"id":2,"date":"2020-05-13T11:36:17","date_gmt":"2020-05-13T11:36:17","guid":{"rendered":"https:\/\/kunde.mine-specs.de\/?page_id=2"},"modified":"2021-09-08T10:43:27","modified_gmt":"2021-09-08T10:43:27","slug":"sample-page","status":"publish","type":"page","link":"https:\/\/laborplanung-braun.de\/","title":{"rendered":"Home"},"content":{"rendered":"\n<p>Die <strong>Ing.- B\u00fcro Otto Braun<\/strong> <strong>GmbH<\/strong> ist ein international t\u00e4tiges Unternehmen mit Schwerpunkt in Bayern und Deutschland.<\/p>\n\n\n\n<p>Wir arbeiten eng und pers\u00f6nlich mit unseren Kunden zusammen um ein Konzept der Laborplanung zu entwickeln und umzusetzten.<\/p>\n\n\n\n<p>Das Ergebnis soll funktionell sein, Ihren individuellen Anspr\u00fcchen und W\u00fcnschen entsprechen und dabei auch ein positives Arbeitsumfeld bieten.<\/p>\n\n\n\n<p>Dabei ist uns wichtig, dass stets die Sicherheit Ihrer Mitarbeiter gew\u00e4hrleistet ist. Alle Labornormen werden selbstredend ber\u00fccksichtigt.<\/p>\n\n\n\n<p>Nach der Planung richten wir Ihr Labor auch gerne mit den passenden Laborm\u00f6beln ein, bis hin bis zur schl\u00fcsselfertigen \u00dcbergabe der Laborr\u00e4ume. Unsere Mitarbeiter und Partner garantieren hier eine termingerechte Ausf\u00fchrung. <\/p>\n\n\n\n<p>Nach dem Bezug der Laborr\u00e4ume f\u00fchren unsere sachkundigen Techniker auch die erforderlichen sicherheitstechnischen j\u00e4hrlichen Wartungen von Digestorien und Sicherheitsschr\u00e4nken durch und erstellen die entsprechenden Zertifikate. <\/p>\n\n\n\n<p>Sie sehen: <strong>Wir lassen Sie auf dem Weg in Ihr neues Labor nicht allein<\/strong>.<\/p>\n","protected":false},"excerpt":{"rendered":"<p>Die Ing.- B\u00fcro Otto Braun GmbH ist ein international t\u00e4tiges Unternehmen mit Schwerpunkt in Bayern und Deutschland. Wir arbeiten eng und pers\u00f6nlich [&hellip;]<\/p>\n","protected":false},"author":1,"featured_media":0,"parent":0,"menu_order":0,"comment_status":"closed","ping_status":"closed","template":"","meta":{"footnotes":""},"class_list":["post-2","page","type-page","status-publish","hentry"],"yoast_head":"<!-- This site is optimized with the Yoast SEO plugin v24.2 - https:\/\/yoast.com\/wordpress\/plugins\/seo\/ -->\n<title>Home - ING.-B\u00dcRO OTTO BRAUN GmbH<\/title>\n<meta name=\"robots\" content=\"index, follow, max-snippet:-1, max-image-preview:large, max-video-preview:-1\" \/>\n<link rel=\"canonical\" href=\"https:\/\/laborplanung-braun.de\/\" \/>\n<meta property=\"og:locale\" content=\"de_DE\" \/>\n<meta property=\"og:type\" content=\"article\" \/>\n<meta property=\"og:title\" content=\"Home - ING.-B\u00dcRO OTTO BRAUN GmbH\" \/>\n<meta property=\"og:description\" content=\"Die Ing.- B\u00fcro Otto Braun GmbH ist ein international t\u00e4tiges Unternehmen mit Schwerpunkt in Bayern und Deutschland. Wir arbeiten eng und pers\u00f6nlich [&hellip;]\" \/>\n<meta property=\"og:url\" content=\"https:\/\/laborplanung-braun.de\/\" \/>\n<meta property=\"og:site_name\" content=\"ING.-B\u00dcRO OTTO BRAUN GmbH\" \/>\n<meta property=\"article:modified_time\" content=\"2021-09-08T10:43:27+00:00\" \/>\n<meta name=\"twitter:card\" content=\"summary_large_image\" \/>\n<meta name=\"twitter:label1\" content=\"Gesch\u00e4tzte Lesezeit\" \/>\n\t<meta name=\"twitter:data1\" content=\"1 Minute\" \/>\n<script type=\"application\/ld+json\" class=\"yoast-schema-graph\">{\"@context\":\"https:\/\/schema.org\",\"@graph\":[{\"@type\":\"WebPage\",\"@id\":\"https:\/\/laborplanung-braun.de\/\",\"url\":\"https:\/\/laborplanung-braun.de\/\",\"name\":\"Home - ING.-B\u00dcRO OTTO BRAUN GmbH\",\"isPartOf\":{\"@id\":\"https:\/\/laborplanung-braun.de\/#website\"},\"datePublished\":\"2020-05-13T11:36:17+00:00\",\"dateModified\":\"2021-09-08T10:43:27+00:00\",\"breadcrumb\":{\"@id\":\"https:\/\/laborplanung-braun.de\/#breadcrumb\"},\"inLanguage\":\"de\",\"potentialAction\":[{\"@type\":\"ReadAction\",\"target\":[\"https:\/\/laborplanung-braun.de\/\"]}]},{\"@type\":\"BreadcrumbList\",\"@id\":\"https:\/\/laborplanung-braun.de\/#breadcrumb\",\"itemListElement\":[{\"@type\":\"ListItem\",\"position\":1,\"name\":\"Home\",\"item\":\"https:\/\/laborplanung-braun.de\/\"},{\"@type\":\"ListItem\",\"position\":2,\"name\":\"Home\"}]},{\"@type\":\"WebSite\",\"@id\":\"https:\/\/laborplanung-braun.de\/#website\",\"url\":\"https:\/\/laborplanung-braun.de\/\",\"name\":\"ING.-B\u00dcRO OTTO BRAUN GmbH\",\"description\":\"\",\"potentialAction\":[{\"@type\":\"SearchAction\",\"target\":{\"@type\":\"EntryPoint\",\"urlTemplate\":\"https:\/\/laborplanung-braun.de\/?s={search_term_string}\"},\"query-input\":{\"@type\":\"PropertyValueSpecification\",\"valueRequired\":true,\"valueName\":\"search_term_string\"}}],\"inLanguage\":\"de\"}]}<\/script>\n<!-- \/ Yoast SEO plugin. -->","yoast_head_json":{"title":"Home - ING.-B\u00dcRO OTTO BRAUN GmbH","robots":{"index":"index","follow":"follow","max-snippet":"max-snippet:-1","max-image-preview":"max-image-preview:large","max-video-preview":"max-video-preview:-1"},"canonical":"https:\/\/laborplanung-braun.de\/","og_locale":"de_DE","og_type":"article","og_title":"Home - ING.-B\u00dcRO OTTO BRAUN GmbH","og_description":"Die Ing.- B\u00fcro Otto Braun GmbH ist ein international t\u00e4tiges Unternehmen mit Schwerpunkt in Bayern und Deutschland. Wir arbeiten eng und pers\u00f6nlich [&hellip;]","og_url":"https:\/\/laborplanung-braun.de\/","og_site_name":"ING.-B\u00dcRO OTTO BRAUN GmbH","article_modified_time":"2021-09-08T10:43:27+00:00","twitter_card":"summary_large_image","twitter_misc":{"Gesch\u00e4tzte Lesezeit":"1 Minute"},"schema":{"@context":"https:\/\/schema.org","@graph":[{"@type":"WebPage","@id":"https:\/\/laborplanung-braun.de\/","url":"https:\/\/laborplanung-braun.de\/","name":"Home - ING.-B\u00dcRO OTTO BRAUN GmbH","isPartOf":{"@id":"https:\/\/laborplanung-braun.de\/#website"},"datePublished":"2020-05-13T11:36:17+00:00","dateModified":"2021-09-08T10:43:27+00:00","breadcrumb":{"@id":"https:\/\/laborplanung-braun.de\/#breadcrumb"},"inLanguage":"de","potentialAction":[{"@type":"ReadAction","target":["https:\/\/laborplanung-braun.de\/"]}]},{"@type":"BreadcrumbList","@id":"https:\/\/laborplanung-braun.de\/#breadcrumb","itemListElement":[{"@type":"ListItem","position":1,"name":"Home","item":"https:\/\/laborplanung-braun.de\/"},{"@type":"ListItem","position":2,"name":"Home"}]},{"@type":"WebSite","@id":"https:\/\/laborplanung-braun.de\/#website","url":"https:\/\/laborplanung-braun.de\/","name":"ING.-B\u00dcRO OTTO BRAUN GmbH","description":"","potentialAction":[{"@type":"SearchAction","target":{"@type":"EntryPoint","urlTemplate":"https:\/\/laborplanung-braun.de\/?s={search_term_string}"},"query-input":{"@type":"PropertyValueSpecification","valueRequired":true,"valueName":"search_term_string"}}],"inLanguage":"de"}]}},"_links":{"self":[{"href":"https:\/\/laborplanung-braun.de\/index.php?rest_route=\/wp\/v2\/pages\/2","targetHints":{"allow":["GET"]}}],"collection":[{"href":"https:\/\/laborplanung-braun.de\/index.php?rest_route=\/wp\/v2\/pages"}],"about":[{"href":"https:\/\/laborplanung-braun.de\/index.php?rest_route=\/wp\/v2\/types\/page"}],"author":[{"embeddable":true,"href":"https:\/\/laborplanung-braun.de\/index.php?rest_route=\/wp\/v2\/users\/1"}],"replies":[{"embeddable":true,"href":"https:\/\/laborplanung-braun.de\/index.php?rest_route=%2Fwp%2Fv2%2Fcomments&post=2"}],"version-history":[{"count":16,"href":"https:\/\/laborplanung-braun.de\/index.php?rest_route=\/wp\/v2\/pages\/2\/revisions"}],"predecessor-version":[{"id":285,"href":"https:\/\/laborplanung-braun.de\/index.php?rest_route=\/wp\/v2\/pages\/2\/revisions\/285"}],"wp:attachment":[{"href":"https:\/\/laborplanung-braun.de\/index.php?rest_route=%2Fwp%2Fv2%2Fmedia&parent=2"}],"curies":[{"name":"wp","href":"https:\/\/api.w.org\/{rel}","templated":true}]}}