{"id":38,"date":"2020-05-14T10:45:18","date_gmt":"2020-05-14T10:45:18","guid":{"rendered":"https:\/\/kunde.mine-specs.de\/?page_id=38"},"modified":"2021-09-08T09:42:44","modified_gmt":"2021-09-08T09:42:44","slug":"wartung","status":"publish","type":"page","link":"https:\/\/laborplanung-braun.de\/?page_id=38","title":{"rendered":"Wartung"},"content":{"rendered":"\n<p>Wir bieten Ihnen die M\u00f6glichkeit Ihre Laboreinrichtung \u00fcber viele Jahre hinweg in einem betriebssicheren Zustand zu erhalten.<\/p>\n\n\n\n<p>Unsere durch ein unabh\u00e4ngiges Pr\u00fcfinstitut zertifizierten Monteure pr\u00fcfen Ihre Abz\u00fcge und Sicherheitsschr\u00e4nke verschiedenster Hersteller anhand fester Checklisten und stellen f\u00fcr jedes Objekt ein entsprechendes Pr\u00fcfzertifikat aus.<\/p>\n\n\n\n<p>Beim Sicherheitscheck Ihrer Einrichtung pr\u00fcfen wir nach geltenden Richtlinien und Vorschriften, um die einwandfreie Funktion zu gew\u00e4hrleisten.<\/p>\n\n\n\n<p>Die Abnahme und die Bescheinigung der Betriebssicherheit der einzelnen Anlagen werden nach den geltenden Form-Vorschriften \u2013 protokolliert und dokumentiert.<\/p>\n\n\n\n<p>EN \/ DIN Vorschriften &#8212;- <strong>gepr\u00fcft wird nach BGI 850-0<\/strong><\/p>\n\n\n\n<p>Es werden immer die aktuellen und jeweils g\u00fcltigen Nomen, Richtlinien und Vorschriften zur Wartung angewandt.<\/p>\n\n\n\n<ul class=\"wp-block-list\"><li>Messger\u00e4te \u2013 aktueller Standard \u2013 j\u00e4hrliche Kalibrierung und Zertifizierung<\/li><li>Schulungen des Personals \u2013 regelm\u00e4\u00dfig<\/li><\/ul>\n\n\n\n<p>Eine regelm\u00e4\u00dfige Wartung verl\u00e4ngert die Nutzungsdauer Ihrer Laboreinrichtung,<\/p>\n\n\n\n<p>Wir liefern Ihnen die Voraussetzungen f\u00fcr produktives und rechtssicheres Arbeiten <\/p>\n\n\n\n<p>Wartungsanfragen bitte an: <\/p>\n\n\n\n<p class=\"has-large-font-size\"><span class=\"has-inline-color has-vivid-red-color\"><a href=\"mailto:wartung@laborplanung-braun.de\"><strong>wartung@laborplanung-braun.de<\/strong><\/a><\/span> oder telefonisch +49 (89) 7609028<\/p>\n\n\n\n<p>Sie erhalten schnellstm\u00f6glich eine R\u00fcckmeldung. <\/p>\n","protected":false},"excerpt":{"rendered":"<p>Wir bieten Ihnen die M\u00f6glichkeit Ihre Laboreinrichtung \u00fcber viele Jahre hinweg in einem betriebssicheren Zustand zu erhalten. Unsere durch ein unabh\u00e4ngiges Pr\u00fcfinstitut [&hellip;]<\/p>\n","protected":false},"author":1,"featured_media":142,"parent":0,"menu_order":0,"comment_status":"closed","ping_status":"closed","template":"","meta":{"footnotes":""},"class_list":["post-38","page","type-page","status-publish","has-post-thumbnail","hentry"],"yoast_head":"<!-- This site is optimized with the Yoast SEO plugin v24.2 - https:\/\/yoast.com\/wordpress\/plugins\/seo\/ -->\n<title>Wartung - ING.-B\u00dcRO OTTO BRAUN GmbH<\/title>\n<meta name=\"robots\" content=\"index, follow, max-snippet:-1, max-image-preview:large, max-video-preview:-1\" \/>\n<link rel=\"canonical\" href=\"https:\/\/laborplanung-braun.de\/?page_id=38\" \/>\n<meta property=\"og:locale\" content=\"de_DE\" \/>\n<meta property=\"og:type\" content=\"article\" \/>\n<meta property=\"og:title\" content=\"Wartung - ING.-B\u00dcRO OTTO BRAUN GmbH\" \/>\n<meta property=\"og:description\" content=\"Wir bieten Ihnen die M\u00f6glichkeit Ihre Laboreinrichtung \u00fcber viele Jahre hinweg in einem betriebssicheren Zustand zu erhalten. Unsere durch ein unabh\u00e4ngiges Pr\u00fcfinstitut [&hellip;]\" \/>\n<meta property=\"og:url\" content=\"https:\/\/laborplanung-braun.de\/?page_id=38\" \/>\n<meta property=\"og:site_name\" content=\"ING.-B\u00dcRO OTTO BRAUN GmbH\" \/>\n<meta property=\"article:modified_time\" content=\"2021-09-08T09:42:44+00:00\" \/>\n<meta property=\"og:image\" content=\"https:\/\/laborplanung-braun.de\/wp-content\/uploads\/2020\/07\/grafik-1.png\" \/>\n\t<meta property=\"og:image:width\" content=\"376\" \/>\n\t<meta property=\"og:image:height\" content=\"215\" \/>\n\t<meta property=\"og:image:type\" content=\"image\/png\" \/>\n<meta name=\"twitter:card\" content=\"summary_large_image\" \/>\n<meta name=\"twitter:label1\" content=\"Gesch\u00e4tzte Lesezeit\" \/>\n\t<meta name=\"twitter:data1\" content=\"1 Minute\" \/>\n<script type=\"application\/ld+json\" class=\"yoast-schema-graph\">{\"@context\":\"https:\/\/schema.org\",\"@graph\":[{\"@type\":\"WebPage\",\"@id\":\"https:\/\/laborplanung-braun.de\/?page_id=38\",\"url\":\"https:\/\/laborplanung-braun.de\/?page_id=38\",\"name\":\"Wartung - ING.-B\u00dcRO OTTO BRAUN GmbH\",\"isPartOf\":{\"@id\":\"https:\/\/laborplanung-braun.de\/#website\"},\"primaryImageOfPage\":{\"@id\":\"https:\/\/laborplanung-braun.de\/?page_id=38#primaryimage\"},\"image\":{\"@id\":\"https:\/\/laborplanung-braun.de\/?page_id=38#primaryimage\"},\"thumbnailUrl\":\"https:\/\/laborplanung-braun.de\/wp-content\/uploads\/2020\/07\/grafik-1.png\",\"datePublished\":\"2020-05-14T10:45:18+00:00\",\"dateModified\":\"2021-09-08T09:42:44+00:00\",\"breadcrumb\":{\"@id\":\"https:\/\/laborplanung-braun.de\/?page_id=38#breadcrumb\"},\"inLanguage\":\"de\",\"potentialAction\":[{\"@type\":\"ReadAction\",\"target\":[\"https:\/\/laborplanung-braun.de\/?page_id=38\"]}]},{\"@type\":\"ImageObject\",\"inLanguage\":\"de\",\"@id\":\"https:\/\/laborplanung-braun.de\/?page_id=38#primaryimage\",\"url\":\"https:\/\/laborplanung-braun.de\/wp-content\/uploads\/2020\/07\/grafik-1.png\",\"contentUrl\":\"https:\/\/laborplanung-braun.de\/wp-content\/uploads\/2020\/07\/grafik-1.png\",\"width\":376,\"height\":215},{\"@type\":\"BreadcrumbList\",\"@id\":\"https:\/\/laborplanung-braun.de\/?page_id=38#breadcrumb\",\"itemListElement\":[{\"@type\":\"ListItem\",\"position\":1,\"name\":\"Home\",\"item\":\"https:\/\/laborplanung-braun.de\/\"},{\"@type\":\"ListItem\",\"position\":2,\"name\":\"Wartung\"}]},{\"@type\":\"WebSite\",\"@id\":\"https:\/\/laborplanung-braun.de\/#website\",\"url\":\"https:\/\/laborplanung-braun.de\/\",\"name\":\"ING.-B\u00dcRO OTTO BRAUN GmbH\",\"description\":\"\",\"potentialAction\":[{\"@type\":\"SearchAction\",\"target\":{\"@type\":\"EntryPoint\",\"urlTemplate\":\"https:\/\/laborplanung-braun.de\/?s={search_term_string}\"},\"query-input\":{\"@type\":\"PropertyValueSpecification\",\"valueRequired\":true,\"valueName\":\"search_term_string\"}}],\"inLanguage\":\"de\"}]}<\/script>\n<!-- \/ Yoast SEO plugin. -->","yoast_head_json":{"title":"Wartung - ING.-B\u00dcRO OTTO BRAUN GmbH","robots":{"index":"index","follow":"follow","max-snippet":"max-snippet:-1","max-image-preview":"max-image-preview:large","max-video-preview":"max-video-preview:-1"},"canonical":"https:\/\/laborplanung-braun.de\/?page_id=38","og_locale":"de_DE","og_type":"article","og_title":"Wartung - ING.-B\u00dcRO OTTO BRAUN GmbH","og_description":"Wir bieten Ihnen die M\u00f6glichkeit Ihre Laboreinrichtung \u00fcber viele Jahre hinweg in einem betriebssicheren Zustand zu erhalten. Unsere durch ein unabh\u00e4ngiges Pr\u00fcfinstitut [&hellip;]","og_url":"https:\/\/laborplanung-braun.de\/?page_id=38","og_site_name":"ING.-B\u00dcRO OTTO BRAUN GmbH","article_modified_time":"2021-09-08T09:42:44+00:00","og_image":[{"width":376,"height":215,"url":"https:\/\/laborplanung-braun.de\/wp-content\/uploads\/2020\/07\/grafik-1.png","type":"image\/png"}],"twitter_card":"summary_large_image","twitter_misc":{"Gesch\u00e4tzte Lesezeit":"1 Minute"},"schema":{"@context":"https:\/\/schema.org","@graph":[{"@type":"WebPage","@id":"https:\/\/laborplanung-braun.de\/?page_id=38","url":"https:\/\/laborplanung-braun.de\/?page_id=38","name":"Wartung - ING.-B\u00dcRO OTTO BRAUN GmbH","isPartOf":{"@id":"https:\/\/laborplanung-braun.de\/#website"},"primaryImageOfPage":{"@id":"https:\/\/laborplanung-braun.de\/?page_id=38#primaryimage"},"image":{"@id":"https:\/\/laborplanung-braun.de\/?page_id=38#primaryimage"},"thumbnailUrl":"https:\/\/laborplanung-braun.de\/wp-content\/uploads\/2020\/07\/grafik-1.png","datePublished":"2020-05-14T10:45:18+00:00","dateModified":"2021-09-08T09:42:44+00:00","breadcrumb":{"@id":"https:\/\/laborplanung-braun.de\/?page_id=38#breadcrumb"},"inLanguage":"de","potentialAction":[{"@type":"ReadAction","target":["https:\/\/laborplanung-braun.de\/?page_id=38"]}]},{"@type":"ImageObject","inLanguage":"de","@id":"https:\/\/laborplanung-braun.de\/?page_id=38#primaryimage","url":"https:\/\/laborplanung-braun.de\/wp-content\/uploads\/2020\/07\/grafik-1.png","contentUrl":"https:\/\/laborplanung-braun.de\/wp-content\/uploads\/2020\/07\/grafik-1.png","width":376,"height":215},{"@type":"BreadcrumbList","@id":"https:\/\/laborplanung-braun.de\/?page_id=38#breadcrumb","itemListElement":[{"@type":"ListItem","position":1,"name":"Home","item":"https:\/\/laborplanung-braun.de\/"},{"@type":"ListItem","position":2,"name":"Wartung"}]},{"@type":"WebSite","@id":"https:\/\/laborplanung-braun.de\/#website","url":"https:\/\/laborplanung-braun.de\/","name":"ING.-B\u00dcRO OTTO BRAUN GmbH","description":"","potentialAction":[{"@type":"SearchAction","target":{"@type":"EntryPoint","urlTemplate":"https:\/\/laborplanung-braun.de\/?s={search_term_string}"},"query-input":{"@type":"PropertyValueSpecification","valueRequired":true,"valueName":"search_term_string"}}],"inLanguage":"de"}]}},"_links":{"self":[{"href":"https:\/\/laborplanung-braun.de\/index.php?rest_route=\/wp\/v2\/pages\/38","targetHints":{"allow":["GET"]}}],"collection":[{"href":"https:\/\/laborplanung-braun.de\/index.php?rest_route=\/wp\/v2\/pages"}],"about":[{"href":"https:\/\/laborplanung-braun.de\/index.php?rest_route=\/wp\/v2\/types\/page"}],"author":[{"embeddable":true,"href":"https:\/\/laborplanung-braun.de\/index.php?rest_route=\/wp\/v2\/users\/1"}],"replies":[{"embeddable":true,"href":"https:\/\/laborplanung-braun.de\/index.php?rest_route=%2Fwp%2Fv2%2Fcomments&post=38"}],"version-history":[{"count":11,"href":"https:\/\/laborplanung-braun.de\/index.php?rest_route=\/wp\/v2\/pages\/38\/revisions"}],"predecessor-version":[{"id":281,"href":"https:\/\/laborplanung-braun.de\/index.php?rest_route=\/wp\/v2\/pages\/38\/revisions\/281"}],"wp:featuredmedia":[{"embeddable":true,"href":"https:\/\/laborplanung-braun.de\/index.php?rest_route=\/wp\/v2\/media\/142"}],"wp:attachment":[{"href":"https:\/\/laborplanung-braun.de\/index.php?rest_route=%2Fwp%2Fv2%2Fmedia&parent=38"}],"curies":[{"name":"wp","href":"https:\/\/api.w.org\/{rel}","templated":true}]}}